{"id":119,"date":"2018-04-11T10:20:43","date_gmt":"2018-04-11T13:20:43","guid":{"rendered":"http:\/\/marquise51.com.br\/?page_id=119"},"modified":"2018-04-19T12:31:00","modified_gmt":"2018-04-19T15:31:00","slug":"sonorizacao-2","status":"publish","type":"page","link":"https:\/\/marquise51.com.br\/index.php\/sonorizacao-2\/","title":{"rendered":"Sonoriza\u00e7\u00e3o"},"content":{"rendered":"<p><span style=\"font-weight: 400;\">No #HubMarquise51 cocriamos <\/span><\/p>\n<p><span style=\"font-weight: 400;\">solu\u00e7\u00f5es para fazer a sua ideia criativa acontecer. Conhe\u00e7a nosso servi\u00e7o de sonoriza\u00e7\u00e3o, que conta com equipamentos de primeira linha para aluguel de PA e backline para para eventos, shows e grava\u00e7\u00f5es ao vivo.<\/span><\/p>\n<h4><b>Equipamentos<\/b><\/h4>\n<ul>\n<li><span style=\"font-weight: 400;\">Sistema Fly &#8211; Todas as caixas s\u00e3o ativas <\/span><\/li>\n<li><span style=\"font-weight: 400;\">Line Array Staner 8&#8243; Alive 208-A \u00a0&#8211; Combo com 3 caixas &#8211; 1200 W &#8211; Right<\/span><\/li>\n<li><span style=\"font-weight: 400;\">Line Array Staner 8&#8243; Alive 208-A &#8211; Combo com 3 caixas &#8211; 1200 W &#8211; Reft<\/span><\/li>\n<li><span style=\"font-weight: 400;\">Caixa Ac\u00fastica Subgrave Ativo SB-1200P Staner 1200W &#8211; Right<\/span><\/li>\n<li><span style=\"font-weight: 400;\">Caixa Ac\u00fastica Subgrave Ativo SB-1200P Staner 1200W &#8211; Left <\/span><\/li>\n<li><span style=\"font-weight: 400;\">2 MONITORES ATTACK ATIVO VERTCON M112 &#8211; 1350 w cada<\/span><\/li>\n<li><span style=\"font-weight: 400;\">2 Monitores ativos VIP &#8211; 400 w cada &#8211; Selenium <\/span><\/li>\n<li><span style=\"font-weight: 400;\">Mesa Digital Studio Live 24.4.2ai Mixer Presonus<\/span><\/li>\n<li><span style=\"font-weight: 400;\">Dcx2496 Crossover Digital Behringer (t\u00e9cnica) <\/span><\/li>\n<li><span style=\"font-weight: 400;\">Pedestais &#8211; 10 + dois pequenos <\/span><\/li>\n<li><span style=\"font-weight: 400;\">Direct Box &#8211; 6<\/span><\/li>\n<li><span style=\"font-weight: 400;\">Cabos xlr <\/span><\/li>\n<li><span style=\"font-weight: 400;\">Extens\u00f5es, adaptadores<\/span><\/li>\n<li><span style=\"font-weight: 400;\">Multicabo 24 vias <\/span><\/li>\n<li><span style=\"font-weight: 400;\">Kit de Mick bateria AKG <\/span><\/li>\n<li><span style=\"font-weight: 400;\">Microfones &#8211; 3 SM 58 shure<\/span><\/li>\n<li><span style=\"font-weight: 400;\">Microfones &#8211; 2 SM 57 shure<\/span><\/li>\n<li><span style=\"font-weight: 400;\">Microfones &#8211; 10 Samson <\/span><\/li>\n<\/ul>\n<h4><b>Back Line<\/b><\/h4>\n<ul>\n<li><span style=\"font-weight: 400;\">Amplificadores de guitarras: Marshall, Fender, Peavey.<\/span><\/li>\n<li><span style=\"font-weight: 400;\">Amplificadores de baixo: Staner, Galley, Hartke \u00a0<\/span><\/li>\n<li><span style=\"font-weight: 400;\">Baterias completas: Mapex, Ludwig<\/span><\/li>\n<\/ul>\n<p><img loading=\"lazy\" decoding=\"async\" class=\"size-full wp-image-124 alignleft\" src=\"http:\/\/marquise51.com.br\/wp-content\/uploads\/2018\/04\/sonorizacao.png\" alt=\"\" width=\"600\" height=\"600\" srcset=\"https:\/\/marquise51.com.br\/wp-content\/uploads\/2018\/04\/sonorizacao.png 600w, https:\/\/marquise51.com.br\/wp-content\/uploads\/2018\/04\/sonorizacao-150x150.png 150w, https:\/\/marquise51.com.br\/wp-content\/uploads\/2018\/04\/sonorizacao-300x300.png 300w, https:\/\/marquise51.com.br\/wp-content\/uploads\/2018\/04\/sonorizacao-90x90.png 90w\" sizes=\"auto, (max-width: 600px) 100vw, 600px\" \/><\/p>\n","protected":false},"excerpt":{"rendered":"<p>No #HubMarquise51 cocriamos solu\u00e7\u00f5es para fazer a sua ideia criativa acontecer. Conhe\u00e7a nosso servi\u00e7o de sonoriza\u00e7\u00e3o, que conta com equipamentos &hellip; <\/p>\n","protected":false},"author":1,"featured_media":124,"parent":0,"menu_order":0,"comment_status":"closed","ping_status":"closed","template":"","meta":{"_joinchat":[],"footnotes":""},"class_list":["post-119","page","type-page","status-publish","has-post-thumbnail","hentry"],"_links":{"self":[{"href":"https:\/\/marquise51.com.br\/index.php\/wp-json\/wp\/v2\/pages\/119","targetHints":{"allow":["GET"]}}],"collection":[{"href":"https:\/\/marquise51.com.br\/index.php\/wp-json\/wp\/v2\/pages"}],"about":[{"href":"https:\/\/marquise51.com.br\/index.php\/wp-json\/wp\/v2\/types\/page"}],"author":[{"embeddable":true,"href":"https:\/\/marquise51.com.br\/index.php\/wp-json\/wp\/v2\/users\/1"}],"replies":[{"embeddable":true,"href":"https:\/\/marquise51.com.br\/index.php\/wp-json\/wp\/v2\/comments?post=119"}],"version-history":[{"count":0,"href":"https:\/\/marquise51.com.br\/index.php\/wp-json\/wp\/v2\/pages\/119\/revisions"}],"wp:featuredmedia":[{"embeddable":true,"href":"https:\/\/marquise51.com.br\/index.php\/wp-json\/wp\/v2\/media\/124"}],"wp:attachment":[{"href":"https:\/\/marquise51.com.br\/index.php\/wp-json\/wp\/v2\/media?parent=119"}],"curies":[{"name":"wp","href":"https:\/\/api.w.org\/{rel}","templated":true}]}}