{"id":125,"date":"2018-04-11T10:38:47","date_gmt":"2018-04-11T13:38:47","guid":{"rendered":"http:\/\/marquise51.com.br\/?page_id=125"},"modified":"2018-04-11T10:42:56","modified_gmt":"2018-04-11T13:42:56","slug":"produtos","status":"publish","type":"page","link":"https:\/\/marquise51.com.br\/index.php\/produtos\/","title":{"rendered":"Produtos"},"content":{"rendered":"<p style=\"text-align: left;\">A Marquise 51 \u00e9 formada por empreendedores e artistas em movimento que cocriam solu\u00e7\u00f5es para o mercado criativo. Voc\u00ea busca tirar a sua ideia do papel ou dar um g\u00e1s no seu projeto?! Conhe\u00e7a os produtos do nosso hub criativo e venha fazer conex\u00f5es! A criatividade \u00e9 a nossa revolu\u00e7\u00e3o 2.0 e ela est\u00e1 florescendo (51) 3226.7914 | (51) 30137914 whats: (51) 96123975 | (51) 99334070 marquise51@marquise51.com.br www.marquise51.com.br #HubCriativo #Conex\u00f5es #Colabora\u00e7\u00e3o #EconomiaCriativa #Coletivo #ProdutosEServi\u00e7os<\/p>\n<p style=\"text-align: center;\"><img loading=\"lazy\" decoding=\"async\" class=\"alignnone size-full wp-image-135\" src=\"http:\/\/marquise51.com.br\/wp-content\/uploads\/2018\/04\/13055334_1064044530285557_8785032195027068760_n.png\" alt=\"\" width=\"600\" height=\"600\" srcset=\"https:\/\/marquise51.com.br\/wp-content\/uploads\/2018\/04\/13055334_1064044530285557_8785032195027068760_n.png 600w, https:\/\/marquise51.com.br\/wp-content\/uploads\/2018\/04\/13055334_1064044530285557_8785032195027068760_n-150x150.png 150w, https:\/\/marquise51.com.br\/wp-content\/uploads\/2018\/04\/13055334_1064044530285557_8785032195027068760_n-300x300.png 300w, https:\/\/marquise51.com.br\/wp-content\/uploads\/2018\/04\/13055334_1064044530285557_8785032195027068760_n-90x90.png 90w\" sizes=\"auto, (max-width: 600px) 100vw, 600px\" \/><\/p>\n<p style=\"text-align: center;\"><img loading=\"lazy\" decoding=\"async\" class=\"alignnone size-full wp-image-134\" src=\"http:\/\/marquise51.com.br\/wp-content\/uploads\/2018\/04\/13055304_1064044533618890_100541019025054765_n.png\" alt=\"\" width=\"600\" height=\"600\" srcset=\"https:\/\/marquise51.com.br\/wp-content\/uploads\/2018\/04\/13055304_1064044533618890_100541019025054765_n.png 600w, https:\/\/marquise51.com.br\/wp-content\/uploads\/2018\/04\/13055304_1064044533618890_100541019025054765_n-150x150.png 150w, https:\/\/marquise51.com.br\/wp-content\/uploads\/2018\/04\/13055304_1064044533618890_100541019025054765_n-300x300.png 300w, https:\/\/marquise51.com.br\/wp-content\/uploads\/2018\/04\/13055304_1064044533618890_100541019025054765_n-90x90.png 90w\" sizes=\"auto, (max-width: 600px) 100vw, 600px\" \/><\/p>\n<p style=\"text-align: center;\"><img loading=\"lazy\" decoding=\"async\" class=\"alignnone size-full wp-image-133\" src=\"http:\/\/marquise51.com.br\/wp-content\/uploads\/2018\/04\/13043722_1064044513618892_8809502194364321212_n.png\" alt=\"\" width=\"600\" height=\"600\" srcset=\"https:\/\/marquise51.com.br\/wp-content\/uploads\/2018\/04\/13043722_1064044513618892_8809502194364321212_n.png 600w, https:\/\/marquise51.com.br\/wp-content\/uploads\/2018\/04\/13043722_1064044513618892_8809502194364321212_n-150x150.png 150w, https:\/\/marquise51.com.br\/wp-content\/uploads\/2018\/04\/13043722_1064044513618892_8809502194364321212_n-300x300.png 300w, https:\/\/marquise51.com.br\/wp-content\/uploads\/2018\/04\/13043722_1064044513618892_8809502194364321212_n-90x90.png 90w\" sizes=\"auto, (max-width: 600px) 100vw, 600px\" \/><\/p>\n<p style=\"text-align: center;\"><img loading=\"lazy\" decoding=\"async\" class=\"alignnone size-full wp-image-132\" src=\"http:\/\/marquise51.com.br\/wp-content\/uploads\/2018\/04\/13043587_1064044566952220_1963646965610412653_n.png\" alt=\"\" width=\"600\" height=\"600\" srcset=\"https:\/\/marquise51.com.br\/wp-content\/uploads\/2018\/04\/13043587_1064044566952220_1963646965610412653_n.png 600w, https:\/\/marquise51.com.br\/wp-content\/uploads\/2018\/04\/13043587_1064044566952220_1963646965610412653_n-150x150.png 150w, https:\/\/marquise51.com.br\/wp-content\/uploads\/2018\/04\/13043587_1064044566952220_1963646965610412653_n-300x300.png 300w, https:\/\/marquise51.com.br\/wp-content\/uploads\/2018\/04\/13043587_1064044566952220_1963646965610412653_n-90x90.png 90w\" sizes=\"auto, (max-width: 600px) 100vw, 600px\" \/><\/p>\n<p style=\"text-align: center;\"><img loading=\"lazy\" decoding=\"async\" class=\"alignnone size-full wp-image-131\" src=\"http:\/\/marquise51.com.br\/wp-content\/uploads\/2018\/04\/13015579_1064044486952228_8899213350771833822_n.png\" alt=\"\" width=\"600\" height=\"600\" srcset=\"https:\/\/marquise51.com.br\/wp-content\/uploads\/2018\/04\/13015579_1064044486952228_8899213350771833822_n.png 600w, https:\/\/marquise51.com.br\/wp-content\/uploads\/2018\/04\/13015579_1064044486952228_8899213350771833822_n-150x150.png 150w, https:\/\/marquise51.com.br\/wp-content\/uploads\/2018\/04\/13015579_1064044486952228_8899213350771833822_n-300x300.png 300w, https:\/\/marquise51.com.br\/wp-content\/uploads\/2018\/04\/13015579_1064044486952228_8899213350771833822_n-90x90.png 90w\" sizes=\"auto, (max-width: 600px) 100vw, 600px\" \/><\/p>\n<p style=\"text-align: center;\"><img loading=\"lazy\" decoding=\"async\" class=\"alignnone size-full wp-image-130\" src=\"http:\/\/marquise51.com.br\/wp-content\/uploads\/2018\/04\/13010732_1064044496952227_3679504765571701792_n.png\" alt=\"\" width=\"600\" height=\"600\" srcset=\"https:\/\/marquise51.com.br\/wp-content\/uploads\/2018\/04\/13010732_1064044496952227_3679504765571701792_n.png 600w, https:\/\/marquise51.com.br\/wp-content\/uploads\/2018\/04\/13010732_1064044496952227_3679504765571701792_n-150x150.png 150w, https:\/\/marquise51.com.br\/wp-content\/uploads\/2018\/04\/13010732_1064044496952227_3679504765571701792_n-300x300.png 300w, https:\/\/marquise51.com.br\/wp-content\/uploads\/2018\/04\/13010732_1064044496952227_3679504765571701792_n-90x90.png 90w\" sizes=\"auto, (max-width: 600px) 100vw, 600px\" \/><\/p>\n<p style=\"text-align: center;\"><img loading=\"lazy\" decoding=\"async\" class=\"alignnone size-full wp-image-129\" src=\"http:\/\/marquise51.com.br\/wp-content\/uploads\/2018\/04\/13006482_1064044553618888_1839928505516558678_n.png\" alt=\"\" width=\"600\" height=\"600\" srcset=\"https:\/\/marquise51.com.br\/wp-content\/uploads\/2018\/04\/13006482_1064044553618888_1839928505516558678_n.png 600w, https:\/\/marquise51.com.br\/wp-content\/uploads\/2018\/04\/13006482_1064044553618888_1839928505516558678_n-150x150.png 150w, https:\/\/marquise51.com.br\/wp-content\/uploads\/2018\/04\/13006482_1064044553618888_1839928505516558678_n-300x300.png 300w, https:\/\/marquise51.com.br\/wp-content\/uploads\/2018\/04\/13006482_1064044553618888_1839928505516558678_n-90x90.png 90w\" sizes=\"auto, (max-width: 600px) 100vw, 600px\" \/><\/p>\n<p style=\"text-align: center;\"><img loading=\"lazy\" decoding=\"async\" class=\"alignnone size-full wp-image-124\" src=\"http:\/\/marquise51.com.br\/wp-content\/uploads\/2018\/04\/sonorizacao.png\" alt=\"\" width=\"600\" height=\"600\" srcset=\"https:\/\/marquise51.com.br\/wp-content\/uploads\/2018\/04\/sonorizacao.png 600w, https:\/\/marquise51.com.br\/wp-content\/uploads\/2018\/04\/sonorizacao-150x150.png 150w, https:\/\/marquise51.com.br\/wp-content\/uploads\/2018\/04\/sonorizacao-300x300.png 300w, https:\/\/marquise51.com.br\/wp-content\/uploads\/2018\/04\/sonorizacao-90x90.png 90w\" sizes=\"auto, (max-width: 600px) 100vw, 600px\" \/><\/p>\n<p style=\"text-align: center;\">\n","protected":false},"excerpt":{"rendered":"<p>A Marquise 51 \u00e9 formada por empreendedores e artistas em movimento que cocriam solu\u00e7\u00f5es para o mercado criativo. Voc\u00ea busca &hellip; <\/p>\n","protected":false},"author":1,"featured_media":126,"parent":0,"menu_order":0,"comment_status":"closed","ping_status":"closed","template":"","meta":{"_joinchat":[],"footnotes":""},"class_list":["post-125","page","type-page","status-publish","has-post-thumbnail","hentry"],"_links":{"self":[{"href":"https:\/\/marquise51.com.br\/index.php\/wp-json\/wp\/v2\/pages\/125","targetHints":{"allow":["GET"]}}],"collection":[{"href":"https:\/\/marquise51.com.br\/index.php\/wp-json\/wp\/v2\/pages"}],"about":[{"href":"https:\/\/marquise51.com.br\/index.php\/wp-json\/wp\/v2\/types\/page"}],"author":[{"embeddable":true,"href":"https:\/\/marquise51.com.br\/index.php\/wp-json\/wp\/v2\/users\/1"}],"replies":[{"embeddable":true,"href":"https:\/\/marquise51.com.br\/index.php\/wp-json\/wp\/v2\/comments?post=125"}],"version-history":[{"count":0,"href":"https:\/\/marquise51.com.br\/index.php\/wp-json\/wp\/v2\/pages\/125\/revisions"}],"wp:featuredmedia":[{"embeddable":true,"href":"https:\/\/marquise51.com.br\/index.php\/wp-json\/wp\/v2\/media\/126"}],"wp:attachment":[{"href":"https:\/\/marquise51.com.br\/index.php\/wp-json\/wp\/v2\/media?parent=125"}],"curies":[{"name":"wp","href":"https:\/\/api.w.org\/{rel}","templated":true}]}}