{"id":172,"date":"2018-04-19T12:16:52","date_gmt":"2018-04-19T15:16:52","guid":{"rendered":"http:\/\/marquise51.com.br\/?page_id=172"},"modified":"2018-04-19T12:16:52","modified_gmt":"2018-04-19T15:16:52","slug":"gamana","status":"publish","type":"page","link":"https:\/\/marquise51.com.br\/index.php\/gamana\/","title":{"rendered":"Gamana"},"content":{"rendered":"<p><span style=\"font-weight: 400;\">Gamana \u00e9 uma produtora cultural desde 1998. Criada originalmente pelo Grupo N\u00f4made de Teatro que realizou, tr\u00eas pe\u00e7as de teatro ritual que marcaram \u00e9poca (Bodas &#8211; Trag\u00e9dia em Um Ato 1998, Celtas 2004, O C\u00edrculo Sagrado 2006), assim como alguns curta metragens no mesmo per\u00edodo. A partir de 2007 a Gamana passa a produzir o Festival Morrostock e executar a produ\u00e7\u00e3o executiva de diversos nomes da m\u00fasica no Rio Grande do Sul, entre eles Pata de Elefante, Os Replicantes, Wander Wildner. Atualmente faz a produ\u00e7\u00e3o executiva da Bandinha Di D\u00e1 D\u00f3 e realiza em parceria com a marquise 51 diversos projetos ligados ao Morrostock.<\/span><\/p>\n","protected":false},"excerpt":{"rendered":"<p>Gamana \u00e9 uma produtora cultural desde 1998. Criada originalmente pelo Grupo N\u00f4made de Teatro que realizou, tr\u00eas pe\u00e7as de teatro &hellip; <\/p>\n","protected":false},"author":2,"featured_media":0,"parent":0,"menu_order":0,"comment_status":"closed","ping_status":"closed","template":"","meta":{"_joinchat":[],"footnotes":""},"class_list":["post-172","page","type-page","status-publish","hentry"],"_links":{"self":[{"href":"https:\/\/marquise51.com.br\/index.php\/wp-json\/wp\/v2\/pages\/172","targetHints":{"allow":["GET"]}}],"collection":[{"href":"https:\/\/marquise51.com.br\/index.php\/wp-json\/wp\/v2\/pages"}],"about":[{"href":"https:\/\/marquise51.com.br\/index.php\/wp-json\/wp\/v2\/types\/page"}],"author":[{"embeddable":true,"href":"https:\/\/marquise51.com.br\/index.php\/wp-json\/wp\/v2\/users\/2"}],"replies":[{"embeddable":true,"href":"https:\/\/marquise51.com.br\/index.php\/wp-json\/wp\/v2\/comments?post=172"}],"version-history":[{"count":0,"href":"https:\/\/marquise51.com.br\/index.php\/wp-json\/wp\/v2\/pages\/172\/revisions"}],"wp:attachment":[{"href":"https:\/\/marquise51.com.br\/index.php\/wp-json\/wp\/v2\/media?parent=172"}],"curies":[{"name":"wp","href":"https:\/\/api.w.org\/{rel}","templated":true}]}}