{"id":176,"date":"2018-04-19T12:18:01","date_gmt":"2018-04-19T15:18:01","guid":{"rendered":"http:\/\/marquise51.com.br\/?page_id=176"},"modified":"2018-04-19T12:19:32","modified_gmt":"2018-04-19T15:19:32","slug":"o-bestiario","status":"publish","type":"page","link":"https:\/\/marquise51.com.br\/index.php\/o-bestiario\/","title":{"rendered":"O Besti\u00e1rio"},"content":{"rendered":"<p><span style=\"font-weight: 400;\">O Besti\u00e1rio \u00e9 um ateli\u00ea coletivo que produz, divulga, comercializa e promove cursos de Arte, ilustra\u00e7\u00e3o e design. Composto por um grupo heterog\u00eaneo de artistas, o espa\u00e7o tem ateli\u00ea de produ\u00e7\u00e3o e acervo integrados, mais uma Galeria de Arte onde acontecem exposi\u00e7\u00f5es, cursos e palestras. Com um esp\u00edrito colaborativo e inquieto, os &#8220;monstros&#8221; habitam a cobertura do Hub Marquise 51 h\u00e1 quatro anos. <\/span><\/p>\n<p><a href=\"https:\/\/www.facebook.com\/ateliebestiario\/\"><b>https:\/\/www.facebook.com\/ateliebestiario<\/b><\/a><\/p>\n","protected":false},"excerpt":{"rendered":"<p>O Besti\u00e1rio \u00e9 um ateli\u00ea coletivo que produz, divulga, comercializa e promove cursos de Arte, ilustra\u00e7\u00e3o e design. Composto por &hellip; <\/p>\n","protected":false},"author":2,"featured_media":178,"parent":0,"menu_order":0,"comment_status":"closed","ping_status":"closed","template":"","meta":{"_joinchat":[],"footnotes":""},"class_list":["post-176","page","type-page","status-publish","has-post-thumbnail","hentry"],"_links":{"self":[{"href":"https:\/\/marquise51.com.br\/index.php\/wp-json\/wp\/v2\/pages\/176","targetHints":{"allow":["GET"]}}],"collection":[{"href":"https:\/\/marquise51.com.br\/index.php\/wp-json\/wp\/v2\/pages"}],"about":[{"href":"https:\/\/marquise51.com.br\/index.php\/wp-json\/wp\/v2\/types\/page"}],"author":[{"embeddable":true,"href":"https:\/\/marquise51.com.br\/index.php\/wp-json\/wp\/v2\/users\/2"}],"replies":[{"embeddable":true,"href":"https:\/\/marquise51.com.br\/index.php\/wp-json\/wp\/v2\/comments?post=176"}],"version-history":[{"count":0,"href":"https:\/\/marquise51.com.br\/index.php\/wp-json\/wp\/v2\/pages\/176\/revisions"}],"wp:featuredmedia":[{"embeddable":true,"href":"https:\/\/marquise51.com.br\/index.php\/wp-json\/wp\/v2\/media\/178"}],"wp:attachment":[{"href":"https:\/\/marquise51.com.br\/index.php\/wp-json\/wp\/v2\/media?parent=176"}],"curies":[{"name":"wp","href":"https:\/\/api.w.org\/{rel}","templated":true}]}}