{"id":183,"date":"2018-04-19T12:21:17","date_gmt":"2018-04-19T15:21:17","guid":{"rendered":"http:\/\/marquise51.com.br\/?page_id=183"},"modified":"2020-04-20T13:44:18","modified_gmt":"2020-04-20T16:44:18","slug":"konnekt","status":"publish","type":"page","link":"https:\/\/marquise51.com.br\/index.php\/konnekt\/","title":{"rendered":"Konnekt"},"content":{"rendered":"<p>&nbsp;<\/p>\n<p>A Konnekt \u00e9 uma ag\u00eancia de m\u00fasica eletr\u00f4nica capitaneada pelo produtor e dj Nuno Deconto<\/p>\n<p>&nbsp;<\/p>\n<p><a href=\"https:\/\/www.facebook.com\/konnekt.musik\/\">Facebook:\u00a0facebook.com\/konnekt.musik<\/a><\/p>\n<p>&nbsp;<\/p>\n<p>&nbsp;<\/p>\n<p><img loading=\"lazy\" decoding=\"async\" class=\"alignnone size-full wp-image-443\" src=\"http:\/\/marquise51.com.br\/wp-content\/uploads\/2020\/04\/Nuno-Deconto-Konnekt.jpg\" alt=\"\" width=\"2048\" height=\"1365\" srcset=\"https:\/\/marquise51.com.br\/wp-content\/uploads\/2020\/04\/Nuno-Deconto-Konnekt.jpg 2048w, https:\/\/marquise51.com.br\/wp-content\/uploads\/2020\/04\/Nuno-Deconto-Konnekt-300x200.jpg 300w, https:\/\/marquise51.com.br\/wp-content\/uploads\/2020\/04\/Nuno-Deconto-Konnekt-768x512.jpg 768w, https:\/\/marquise51.com.br\/wp-content\/uploads\/2020\/04\/Nuno-Deconto-Konnekt-1024x683.jpg 1024w\" sizes=\"auto, (max-width: 2048px) 100vw, 2048px\" \/><\/p>\n","protected":false},"excerpt":{"rendered":"<p>&nbsp; A Konnekt \u00e9 uma ag\u00eancia de m\u00fasica eletr\u00f4nica capitaneada pelo produtor e dj Nuno Deconto &nbsp; Facebook:\u00a0facebook.com\/konnekt.musik &nbsp; &nbsp;<\/p>\n","protected":false},"author":2,"featured_media":447,"parent":0,"menu_order":0,"comment_status":"closed","ping_status":"closed","template":"","meta":{"_joinchat":[],"footnotes":""},"class_list":["post-183","page","type-page","status-publish","has-post-thumbnail","hentry"],"_links":{"self":[{"href":"https:\/\/marquise51.com.br\/index.php\/wp-json\/wp\/v2\/pages\/183","targetHints":{"allow":["GET"]}}],"collection":[{"href":"https:\/\/marquise51.com.br\/index.php\/wp-json\/wp\/v2\/pages"}],"about":[{"href":"https:\/\/marquise51.com.br\/index.php\/wp-json\/wp\/v2\/types\/page"}],"author":[{"embeddable":true,"href":"https:\/\/marquise51.com.br\/index.php\/wp-json\/wp\/v2\/users\/2"}],"replies":[{"embeddable":true,"href":"https:\/\/marquise51.com.br\/index.php\/wp-json\/wp\/v2\/comments?post=183"}],"version-history":[{"count":0,"href":"https:\/\/marquise51.com.br\/index.php\/wp-json\/wp\/v2\/pages\/183\/revisions"}],"wp:featuredmedia":[{"embeddable":true,"href":"https:\/\/marquise51.com.br\/index.php\/wp-json\/wp\/v2\/media\/447"}],"wp:attachment":[{"href":"https:\/\/marquise51.com.br\/index.php\/wp-json\/wp\/v2\/media?parent=183"}],"curies":[{"name":"wp","href":"https:\/\/api.w.org\/{rel}","templated":true}]}}