{"id":191,"date":"2018-04-19T12:23:06","date_gmt":"2018-04-19T15:23:06","guid":{"rendered":"http:\/\/marquise51.com.br\/?page_id=191"},"modified":"2024-10-28T10:23:54","modified_gmt":"2024-10-28T13:23:54","slug":"assessoria-de-imprensa","status":"publish","type":"page","link":"https:\/\/marquise51.com.br\/index.php\/assessoria-de-imprensa\/","title":{"rendered":"Assessoria de Imprensa"},"content":{"rendered":"\n<p><strong>\u00a0Assessoria de imprensa<\/strong><br>&#8211; Confec\u00e7\u00e3o de release do disco para imprensa especializada<br>&#8211; Divulga\u00e7\u00e3o na m\u00eddia impressa e digital<br>&#8211; Agendamento de tour de m\u00eddia (Entrevistas em programas de r\u00e1dio, tvs e sites)<\/p>\n\n\n\n<p>Or\u00e7amento e mais infos: whatsApp 51996123975 (Lucas Hanke) <\/p>\n","protected":false},"excerpt":{"rendered":"<p>\u00a0Assessoria de imprensa&#8211; Confec\u00e7\u00e3o de release do disco para imprensa especializada&#8211; Divulga\u00e7\u00e3o na m\u00eddia impressa e digital&#8211; Agendamento de tour &hellip; <\/p>\n","protected":false},"author":2,"featured_media":0,"parent":0,"menu_order":0,"comment_status":"closed","ping_status":"closed","template":"","meta":{"_joinchat":[],"footnotes":""},"class_list":["post-191","page","type-page","status-publish","hentry"],"_links":{"self":[{"href":"https:\/\/marquise51.com.br\/index.php\/wp-json\/wp\/v2\/pages\/191","targetHints":{"allow":["GET"]}}],"collection":[{"href":"https:\/\/marquise51.com.br\/index.php\/wp-json\/wp\/v2\/pages"}],"about":[{"href":"https:\/\/marquise51.com.br\/index.php\/wp-json\/wp\/v2\/types\/page"}],"author":[{"embeddable":true,"href":"https:\/\/marquise51.com.br\/index.php\/wp-json\/wp\/v2\/users\/2"}],"replies":[{"embeddable":true,"href":"https:\/\/marquise51.com.br\/index.php\/wp-json\/wp\/v2\/comments?post=191"}],"version-history":[{"count":0,"href":"https:\/\/marquise51.com.br\/index.php\/wp-json\/wp\/v2\/pages\/191\/revisions"}],"wp:attachment":[{"href":"https:\/\/marquise51.com.br\/index.php\/wp-json\/wp\/v2\/media?parent=191"}],"curies":[{"name":"wp","href":"https:\/\/api.w.org\/{rel}","templated":true}]}}