{"id":193,"date":"2018-04-19T12:23:29","date_gmt":"2018-04-19T15:23:29","guid":{"rendered":"http:\/\/marquise51.com.br\/?page_id=193"},"modified":"2024-10-28T10:25:26","modified_gmt":"2024-10-28T13:25:26","slug":"booking","status":"publish","type":"page","link":"https:\/\/marquise51.com.br\/index.php\/booking\/","title":{"rendered":"Booking"},"content":{"rendered":"\n<p><strong>Booking<\/strong><\/p>\n\n\n\n<p>&#8211; Organiza\u00e7\u00e3o de show de lan\u00e7amento do single\/EP\/CD ou clipe<\/p>\n\n\n\n<p>&#8211; Apresentar a banda para programadores de festivais e eventos, al\u00e9m de indicar o trabalho para os eventos da Marquise 51<\/p>\n\n\n\n<p>&#8211; Marcar 3 oportunidades por m\u00eas.<\/p>\n\n\n\n<p>Or\u00e7amento e infos: WhatsApp &#8211; 51996123975 (Lucas Hanke) <\/p>\n","protected":false},"excerpt":{"rendered":"<p>Booking &#8211; Organiza\u00e7\u00e3o de show de lan\u00e7amento do single\/EP\/CD ou clipe &#8211; Apresentar a banda para programadores de festivais e &hellip; <\/p>\n","protected":false},"author":2,"featured_media":0,"parent":0,"menu_order":0,"comment_status":"closed","ping_status":"closed","template":"","meta":{"_joinchat":[],"footnotes":""},"class_list":["post-193","page","type-page","status-publish","hentry"],"_links":{"self":[{"href":"https:\/\/marquise51.com.br\/index.php\/wp-json\/wp\/v2\/pages\/193","targetHints":{"allow":["GET"]}}],"collection":[{"href":"https:\/\/marquise51.com.br\/index.php\/wp-json\/wp\/v2\/pages"}],"about":[{"href":"https:\/\/marquise51.com.br\/index.php\/wp-json\/wp\/v2\/types\/page"}],"author":[{"embeddable":true,"href":"https:\/\/marquise51.com.br\/index.php\/wp-json\/wp\/v2\/users\/2"}],"replies":[{"embeddable":true,"href":"https:\/\/marquise51.com.br\/index.php\/wp-json\/wp\/v2\/comments?post=193"}],"version-history":[{"count":0,"href":"https:\/\/marquise51.com.br\/index.php\/wp-json\/wp\/v2\/pages\/193\/revisions"}],"wp:attachment":[{"href":"https:\/\/marquise51.com.br\/index.php\/wp-json\/wp\/v2\/media?parent=193"}],"curies":[{"name":"wp","href":"https:\/\/api.w.org\/{rel}","templated":true}]}}