{"id":195,"date":"2018-04-19T12:24:07","date_gmt":"2018-04-19T15:24:07","guid":{"rendered":"http:\/\/marquise51.com.br\/?page_id=195"},"modified":"2024-10-28T10:28:20","modified_gmt":"2024-10-28T13:28:20","slug":"elaboracao-de-projeto-cultural","status":"publish","type":"page","link":"https:\/\/marquise51.com.br\/index.php\/elaboracao-de-projeto-cultural\/","title":{"rendered":"Elabora\u00e7\u00e3o de Projeto Cultural"},"content":{"rendered":"\n<p>Precisa tirar seu projeto do Papel?<\/p>\n\n\n\n<p>Fala com a Marquise que daremos toda a assist\u00eancia e dire\u00e7\u00e3o!<\/p>\n\n\n\n<p>Or\u00e7amento e mais Infos: WhatsApp 51996123975 (Lucas Hanke) <\/p>\n\n\n\n<p><\/p>\n","protected":false},"excerpt":{"rendered":"<p>Precisa tirar seu projeto do Papel? Fala com a Marquise que daremos toda a assist\u00eancia e dire\u00e7\u00e3o! Or\u00e7amento e mais &hellip; <\/p>\n","protected":false},"author":2,"featured_media":0,"parent":0,"menu_order":0,"comment_status":"closed","ping_status":"closed","template":"","meta":{"_joinchat":[],"footnotes":""},"class_list":["post-195","page","type-page","status-publish","hentry"],"_links":{"self":[{"href":"https:\/\/marquise51.com.br\/index.php\/wp-json\/wp\/v2\/pages\/195","targetHints":{"allow":["GET"]}}],"collection":[{"href":"https:\/\/marquise51.com.br\/index.php\/wp-json\/wp\/v2\/pages"}],"about":[{"href":"https:\/\/marquise51.com.br\/index.php\/wp-json\/wp\/v2\/types\/page"}],"author":[{"embeddable":true,"href":"https:\/\/marquise51.com.br\/index.php\/wp-json\/wp\/v2\/users\/2"}],"replies":[{"embeddable":true,"href":"https:\/\/marquise51.com.br\/index.php\/wp-json\/wp\/v2\/comments?post=195"}],"version-history":[{"count":0,"href":"https:\/\/marquise51.com.br\/index.php\/wp-json\/wp\/v2\/pages\/195\/revisions"}],"wp:attachment":[{"href":"https:\/\/marquise51.com.br\/index.php\/wp-json\/wp\/v2\/media?parent=195"}],"curies":[{"name":"wp","href":"https:\/\/api.w.org\/{rel}","templated":true}]}}