{"id":218,"date":"2018-04-19T12:50:38","date_gmt":"2018-04-19T15:50:38","guid":{"rendered":"http:\/\/marquise51.com.br\/?page_id=218"},"modified":"2024-09-03T11:39:10","modified_gmt":"2024-09-03T14:39:10","slug":"bandas","status":"publish","type":"page","link":"https:\/\/marquise51.com.br\/index.php\/bandas\/","title":{"rendered":"Artistas"},"content":{"rendered":"<h1><span style=\"vertical-align: inherit;\"><span style=\"vertical-align: inherit;\"><span style=\"vertical-align: inherit;\"><span style=\"vertical-align: inherit;\">Bloco da Laje<\/span><\/span><\/span><\/span><\/h1>\n<p><span style=\"vertical-align: inherit;\"><span style=\"vertical-align: inherit;\">Formado por vindos das mais diversas \u00e1reas de atua\u00e7\u00e3o, o grupo construiu um trabalho autoral c\u00eanico, musical e carnavalizado, pronto num ditirambo. <\/span><span style=\"vertical-align: inherit;\">A <\/span><\/span><br \/><span style=\"vertical-align: inherit;\"><span style=\"vertical-align: inherit;\">est\u00e9tica do grupo se origina no improviso, na alegria, no encontro. <\/span><span style=\"vertical-align: inherit;\">O conceito \u201cLaje\u201d considera mais a criatividade do que o luxo, mais a beleza do artesanal do que a beleza padronizada. <\/span><\/span><br \/><span style=\"vertical-align: inherit;\"><span style=\"vertical-align: inherit;\">Show, teatro, especialista do direito da alegria, celebra\u00e7\u00e3o da arte do encontro e da brincadeira, resist\u00eancia, resgate do espa\u00e7o p\u00fablico, da arte na rua. <\/span><\/span><br \/><span style=\"vertical-align: inherit;\"><span style=\"vertical-align: inherit;\">O coletivo se diferencia por procurar sua pr\u00f3pria forma de brincar e oferecer estas brincadeiras ao p\u00fablico. <\/span><span style=\"vertical-align: inherit;\">Esteticamente organizado, pulsante e principalmente convidativo \u00e0 participa\u00e7\u00e3o, \u00e0 celebra\u00e7\u00e3o e os momentos de comunh\u00e3o atrav\u00e9s de uma experi\u00eancia art\u00edstica<\/span><\/span><br \/><span style=\"vertical-align: inherit;\"><span style=\"vertical-align: inherit;\"><span style=\"vertical-align: inherit;\"><span style=\"vertical-align: inherit;\">compartilhada, onde o p\u00fablico se integra fisicamente \u00e0 obra e se torna co-autor. <\/span><\/span><\/span><span style=\"vertical-align: inherit;\"><span style=\"vertical-align: inherit;\"><span style=\"vertical-align: inherit;\">Com um visual ousado e repert\u00f3rio que misturas como samba, funk, soul, rock, maracat\u00ed, ijex\u00e1, reggae e cumbia se utiliza\u00e7\u00e3o da m\u00fasica e da performance para levar ao p\u00fablico seu posicionamento pol\u00edtico: a liberdade, a brincadeira, a indigna\u00e7\u00e3o. <\/span><\/span><\/span><span style=\"vertical-align: inherit;\"><span style=\"vertical-align: inherit;\"><span style=\"vertical-align: inherit;\">Em sua trajet\u00f3ria o coletivo realiza ambios peri\u00f3dicos com artistas de diversas \u00e1reas: M\u00fasica, Teatro e Artes Visuais.<\/span><\/span><\/span><\/span><\/p>\n<p><span style=\"vertical-align: inherit;\"><span style=\"vertical-align: inherit;\"><span style=\"vertical-align: inherit;\"><span style=\"vertical-align: inherit;\">Facebook: <\/span><\/span><\/span><\/span><a href=\"https:\/\/www.facebook.com\/blocodalaje\/\"><span style=\"vertical-align: inherit;\"><span style=\"vertical-align: inherit;\"><span style=\"vertical-align: inherit;\"><span style=\"vertical-align: inherit;\">www.facebook.com\/blocodalaje<\/span><\/span><\/span><\/span><\/a><\/p>\n<p><span style=\"vertical-align: inherit;\"><span style=\"vertical-align: inherit;\"><span style=\"vertical-align: inherit;\"><span style=\"vertical-align: inherit;\">Instagram: <\/span><\/span><\/span><\/span><a href=\"https:\/\/www.instagram.com\/blocodalaje\/?hl=pt-br\"><span style=\"vertical-align: inherit;\"><span style=\"vertical-align: inherit;\"><span style=\"vertical-align: inherit;\"><span style=\"vertical-align: inherit;\">@blocodalaje<\/span><\/span><\/span><\/span><\/a><\/p>\n<p><span style=\"vertical-align: inherit;\"><span style=\"vertical-align: inherit;\"><span style=\"vertical-align: inherit;\"><span style=\"vertical-align: inherit;\">Youtube: <\/span><\/span><\/span><\/span><a href=\"https:\/\/www.youtube.com\/channel\/UCh40-98FGeHHhruVVndx_NA\"><span style=\"vertical-align: inherit;\"><span style=\"vertical-align: inherit;\"><span style=\"vertical-align: inherit;\"><span style=\"vertical-align: inherit;\">youtube.com\/blocodalaje\u00a0<\/span><\/span><\/span><\/span><\/a><\/p>\n<p><span style=\"vertical-align: inherit;\"><span style=\"vertical-align: inherit;\"><span style=\"vertical-align: inherit;\"><span style=\"vertical-align: inherit;\">Spotify:\u00a0 <\/span><\/span><\/span><\/span><a href=\"https:\/\/open.spotify.com\/artist\/4xl8d0jW1A7GBZ7w6Wm9VZ\"><span style=\"vertical-align: inherit;\"><span style=\"vertical-align: inherit;\"><span style=\"vertical-align: inherit;\"><span style=\"vertical-align: inherit;\">open.spotify.com\/artist\/4xl8d0jW1A7GBZ7w6Wm9VZ<\/span><\/span><\/span><\/span><\/a><\/p>\n<p><img loading=\"lazy\" decoding=\"async\" class=\"alignnone wp-image-408 size-full\" src=\"http:\/\/marquise51.com.br\/wp-content\/uploads\/2020\/04\/mari.jpg\" alt=\"\" width=\"903\" height=\"600\" srcset=\"https:\/\/marquise51.com.br\/wp-content\/uploads\/2020\/04\/mari.jpg 903w, https:\/\/marquise51.com.br\/wp-content\/uploads\/2020\/04\/mari-300x199.jpg 300w, https:\/\/marquise51.com.br\/wp-content\/uploads\/2020\/04\/mari-768x510.jpg 768w\" sizes=\"auto, (max-width: 903px) 100vw, 903px\" \/><\/p>\n<h1><span style=\"vertical-align: inherit;\"><span style=\"vertical-align: inherit;\">Mari Martinez<\/span><\/span><\/h1>\n<p><span style=\"vertical-align: inherit;\"><span style=\"vertical-align: inherit;\">Mari Martinez \u00e9 uma cantora e compositora de Porto Alegre \/ RS, que ao lado de seus comparsas da banda The Soulmates, faz uma busca na soul music atr\u00e1s de inspira\u00e7\u00e3o para mostrar sua vis\u00e3o sobre os desencontrados contempor\u00e2neos neste in\u00edcio de s\u00e9culo XXI. <\/span><span style=\"vertical-align: inherit;\">De sonoridade densa e letras que trazem a possibilidade de identifica\u00e7\u00e3o imediata, Mari faz um relato preciso dos casais que existem por a\u00ed num clima descompassado. <\/span><span style=\"vertical-align: inherit;\">Em 2013, uma banda lan\u00e7amento seu primeiro trabalho, intitulado Singelas Observa\u00e7\u00f5es. <\/span><span style=\"vertical-align: inherit;\">Desde o lan\u00e7amento do disco, uma banda realiza shows em todo o Rio Grande do Sul, divulgando seu repert\u00f3rio autoral. <\/span><span style=\"vertical-align: inherit;\">A banda conta com dois clipes das m\u00fasicas &#8220;Estranhos Conhecidos&#8221; e &#8220;Presa&#8221; que est\u00e1 em exibi\u00e7\u00e3o nos canais nacionais de TV.<\/span><\/span><\/p>\n<p><span style=\"vertical-align: inherit;\"><span style=\"vertical-align: inherit;\">Facebook:\u00a0 <\/span><\/span><a href=\"https:\/\/www.facebook.com\/MariMartinez85\/\"><span style=\"vertical-align: inherit;\"><span style=\"vertical-align: inherit;\">www.facebook.com\/MariMartinez\u00a0<\/span><\/span><\/a><\/p>\n<p><span style=\"vertical-align: inherit;\"><span style=\"vertical-align: inherit;\">Youtube: <\/span><\/span><a href=\"https:\/\/www.youtube.com\/channel\/UCHJzjZv-19a4gfL1cbyzqFg\"><span style=\"vertical-align: inherit;\"><span style=\"vertical-align: inherit;\">youtube.com\/marithesoulmates<\/span><\/span><\/a><\/p>\n<p><span style=\"vertical-align: inherit;\"><span style=\"vertical-align: inherit;\">Spotify:\u00a0 <\/span><\/span><a href=\"https:\/\/open.spotify.com\/album\/4oHtzs0883lckpcIPXxBbE\"><span style=\"vertical-align: inherit;\"><span style=\"vertical-align: inherit;\">open.spotify.com\/album\/4oHtzs0883lckpcIPXxBbE<\/span><\/span><\/a><\/p>\n\n\n<figure class=\"wp-block-image\"><img loading=\"lazy\" decoding=\"async\" width=\"1024\" height=\"683\" src=\"http:\/\/marquise51.com.br\/wp-content\/uploads\/2021\/03\/Alt_20210205_Cabelo_0183-1024x683.jpg\" alt=\"\" class=\"wp-image-609\" srcset=\"https:\/\/marquise51.com.br\/wp-content\/uploads\/2021\/03\/Alt_20210205_Cabelo_0183-1024x683.jpg 1024w, https:\/\/marquise51.com.br\/wp-content\/uploads\/2021\/03\/Alt_20210205_Cabelo_0183-300x200.jpg 300w, https:\/\/marquise51.com.br\/wp-content\/uploads\/2021\/03\/Alt_20210205_Cabelo_0183-768x512.jpg 768w, https:\/\/marquise51.com.br\/wp-content\/uploads\/2021\/03\/Alt_20210205_Cabelo_0183.jpg 1080w\" sizes=\"auto, (max-width: 1024px) 100vw, 1024px\" \/><\/figure>\n\n\n\n<h2 class=\"wp-block-heading\">Lucas Hanke &amp; O Cromatismo de Sensa\u00e7\u00f5es <\/h2>\n\n\n\n<p>Lucas Hanke &amp; O Cromatismo de Sensa\u00e7\u00f5es, trazem um sabor est\u00e9tico e sonoro da neo psicodelia com ondas coloridas da lisergia ga\u00facha. O Projeto criado por Lucas Hanke, figura conhecida do cen\u00e1rio ga\u00facho, tem 3 anos e 11 singles lan\u00e7ados. J\u00e1 participou de Festivais importantes no Brasil e no exterior como: Festival Del Lago (UY), Morrostock (Santa Maria,RS), Psicod\u00e1lia (SC), MorroD\u00e1lia (S\u00e3o Chico,RS), Lisergia (Porto Alegre,RS), Rock Na Pra\u00e7a (Esteio,RS), Goi\u00e2nia NOise (GO)&nbsp;<\/p>\n\n\n\n<p>Lan\u00e7aram recentemente seu novo single &#8220;Mixto Quente&#8221; via selo Marquise 51.<\/p>\n\n\n\n<p>Lucas Hanke \u00e9 fundador da Banda Identidade e tamb\u00e9m foi baixista e produtor do \u00edcone J\u00fapiter Ma\u00e7\u00e3 durante 10 anos. Tamb\u00e9m acompanhou artistas e bandas como, Defalla, Sombrero Luminoso, Julio Reny entre outros.&nbsp;<\/p>\n\n\n\n<p><strong>Escute e siga nas redes:<\/strong><\/p>\n\n\n\n<p><a href=\"https:\/\/linktr.ee\/lucashanke\">Confira aqui:&nbsp;<\/a><\/p>\n\n\n\n<p>Contatos:<\/p>\n\n\n\n<p>Marquise 51<\/p>\n\n\n\n<p>Fone\/whats: 051 99612 3975<\/p>\n\n\n\n<p>Fone: 051 3013 7914<\/p>\n\n\n\n<p><br><\/p>\n\n\n\n<p><\/p>\n\n\n\n<p><\/p>\n\n\n\n<p>\u00c1udio:<\/p>\n\n\n\n<figure class=\"wp-block-embed\"><div class=\"wp-block-embed__wrapper\">\nhttps:\/\/cutt.ly\/yarA8tK\n<\/div><\/figure>\n\n\n\n<p><\/p>\n\n\n\n<p><br><\/p>\n\n\n\n<p><br><\/p>\n","protected":false},"excerpt":{"rendered":"<p>Bloco da Laje Formado por vindos das mais diversas \u00e1reas de atua\u00e7\u00e3o, o grupo construiu um trabalho autoral c\u00eanico, musical &hellip; <\/p>\n","protected":false},"author":2,"featured_media":399,"parent":0,"menu_order":0,"comment_status":"closed","ping_status":"closed","template":"","meta":{"_joinchat":[],"footnotes":""},"class_list":["post-218","page","type-page","status-publish","has-post-thumbnail","hentry"],"_links":{"self":[{"href":"https:\/\/marquise51.com.br\/index.php\/wp-json\/wp\/v2\/pages\/218","targetHints":{"allow":["GET"]}}],"collection":[{"href":"https:\/\/marquise51.com.br\/index.php\/wp-json\/wp\/v2\/pages"}],"about":[{"href":"https:\/\/marquise51.com.br\/index.php\/wp-json\/wp\/v2\/types\/page"}],"author":[{"embeddable":true,"href":"https:\/\/marquise51.com.br\/index.php\/wp-json\/wp\/v2\/users\/2"}],"replies":[{"embeddable":true,"href":"https:\/\/marquise51.com.br\/index.php\/wp-json\/wp\/v2\/comments?post=218"}],"version-history":[{"count":0,"href":"https:\/\/marquise51.com.br\/index.php\/wp-json\/wp\/v2\/pages\/218\/revisions"}],"wp:featuredmedia":[{"embeddable":true,"href":"https:\/\/marquise51.com.br\/index.php\/wp-json\/wp\/v2\/media\/399"}],"wp:attachment":[{"href":"https:\/\/marquise51.com.br\/index.php\/wp-json\/wp\/v2\/media?parent=218"}],"curies":[{"name":"wp","href":"https:\/\/api.w.org\/{rel}","templated":true}]}}