{"id":239,"date":"2018-04-19T13:02:15","date_gmt":"2018-04-19T16:02:15","guid":{"rendered":"http:\/\/marquise51.com.br\/?page_id=239"},"modified":"2024-09-03T11:33:06","modified_gmt":"2024-09-03T14:33:06","slug":"estudio-de-gravacao","status":"publish","type":"page","link":"https:\/\/marquise51.com.br\/index.php\/estudio-de-gravacao\/","title":{"rendered":"Est\u00fadio de Grava\u00e7\u00e3o"},"content":{"rendered":"<h2><b>SALA ELZA SOARES\u00a0<\/b><\/h2>\n<p>A Marquise 51 est\u00e1 a 17 anos no mercado trabalhando de forma profissional e buscando sonoridades \u00fanicas para cada projeto.<\/p>\n<p><strong>Sistema de Grava\u00e7\u00e3o e Perif\u00e9ricos anal\u00f3gicos:\u00a0<\/strong><\/p>\n<p>1.Pro tools<\/p>\n<p>2.Mac<\/p>\n<p>3.Placa Apolo UA<\/p>\n<p>4.Pr\u00e9 4-710 UA<\/p>\n<p>5.Compressor Avalon 747 &#8211; Stereo<\/p>\n<p>6.Compressor\/Limiter LA-4 UA &#8211; Stereo<\/p>\n<p>7.Clariphonic MK &#8211; Parallel Mastering EQ &#8211; Kush &#8211; Stereo<\/p>\n<p><strong>Master para Vinil:<\/strong><\/p>\n<p>A M51 est\u00e1 especialista em Masteriza\u00e7\u00e3o para Vinil e suas sonoridades \u00fanicas.<\/p>\n<p>Nosso sistema anal\u00f3gico formado pelo Cl\u00e1ssico Avalon 747 e o super Clariphonic MK trazem um sabor, cor, press\u00e3o e qualidade dos grandes discos da m\u00fasica mundial.<\/p>\n<p>Deixando seu som ainda mais brilhante, gostoso e competitivo.<\/p>\n<p>J\u00e1 realizamos masters para vinis de: J\u00fapiter Ma\u00e7\u00e3, Velhas Virgens, Os Replicantes, Made In Brazil dentre outros.<\/p>\n<p>EQUIPAMENTO DE ENSAIO<\/p>\n<table>\n<tbody>\n<tr>\n<td>(Baixo)<\/td>\n<td>Cabe\u00e7ote 800RB<\/td>\n<td>Gallien Krueger<\/td>\n<td>Made in USA<\/td>\n<\/tr>\n<tr>\n<td>(Baixo)<\/td>\n<td>Caixa 410BS 1&#215;15 e 4&#215;10<\/td>\n<td>Meteoro<\/td>\n<td>Made Brasil<\/td>\n<\/tr>\n<tr>\n<td>(Guitarra A)<\/td>\n<td>Combo VC30 2\u00d712\u2032<\/td>\n<td>Laney<\/td>\n<td>Made in U.K.<\/td>\n<\/tr>\n<tr>\n<td>(Guitarra B)<\/td>\n<td>Cabe\u00e7ote Valvulado Bulldog Vibro 20<\/td>\n<td>Bulldog<\/td>\n<td>Handmade Boutique<\/td>\n<\/tr>\n<tr>\n<td>(Guitarra B)<\/td>\n<td>Combo Valvulado Fender Deluxe<\/td>\n<td>Fender<\/td>\n<td>Made in U.S.A<\/td>\n<\/tr>\n<tr>\n<td>(Bateria)<\/td>\n<td>Bateria 5 pe\u00e7as Element Series<\/td>\n<td>Ludwig<\/td>\n<\/tr>\n<\/tbody>\n<\/table>\n<figure id=\"attachment_213\" aria-describedby=\"caption-attachment-213\" style=\"width: 400px\" class=\"wp-caption alignnone\"><img loading=\"lazy\" decoding=\"async\" class=\"wp-image-213\" src=\"http:\/\/marquise51.com.br\/wp-content\/uploads\/2018\/04\/sala-elvis-300x200.jpg\" alt=\"\" width=\"400\" height=\"267\" srcset=\"https:\/\/marquise51.com.br\/wp-content\/uploads\/2018\/04\/sala-elvis-300x200.jpg 300w, https:\/\/marquise51.com.br\/wp-content\/uploads\/2018\/04\/sala-elvis-768x512.jpg 768w, https:\/\/marquise51.com.br\/wp-content\/uploads\/2018\/04\/sala-elvis-275x184.jpg 275w, https:\/\/marquise51.com.br\/wp-content\/uploads\/2018\/04\/sala-elvis-244x164.jpg 244w, https:\/\/marquise51.com.br\/wp-content\/uploads\/2018\/04\/sala-elvis.jpg 960w\" sizes=\"auto, (max-width: 400px) 100vw, 400px\" \/><figcaption id=\"caption-attachment-213\" class=\"wp-caption-text\">Sala Elza Soares (Grava\u00e7\u00f5es e Ensaios)<\/figcaption><\/figure>\n","protected":false},"excerpt":{"rendered":"<p>SALA ELZA SOARES\u00a0 A Marquise 51 est\u00e1 a 17 anos no mercado trabalhando de forma profissional e buscando sonoridades \u00fanicas &hellip; <\/p>\n","protected":false},"author":2,"featured_media":241,"parent":0,"menu_order":0,"comment_status":"closed","ping_status":"closed","template":"","meta":{"_joinchat":[],"footnotes":""},"class_list":["post-239","page","type-page","status-publish","has-post-thumbnail","hentry"],"_links":{"self":[{"href":"https:\/\/marquise51.com.br\/index.php\/wp-json\/wp\/v2\/pages\/239","targetHints":{"allow":["GET"]}}],"collection":[{"href":"https:\/\/marquise51.com.br\/index.php\/wp-json\/wp\/v2\/pages"}],"about":[{"href":"https:\/\/marquise51.com.br\/index.php\/wp-json\/wp\/v2\/types\/page"}],"author":[{"embeddable":true,"href":"https:\/\/marquise51.com.br\/index.php\/wp-json\/wp\/v2\/users\/2"}],"replies":[{"embeddable":true,"href":"https:\/\/marquise51.com.br\/index.php\/wp-json\/wp\/v2\/comments?post=239"}],"version-history":[{"count":0,"href":"https:\/\/marquise51.com.br\/index.php\/wp-json\/wp\/v2\/pages\/239\/revisions"}],"wp:featuredmedia":[{"embeddable":true,"href":"https:\/\/marquise51.com.br\/index.php\/wp-json\/wp\/v2\/media\/241"}],"wp:attachment":[{"href":"https:\/\/marquise51.com.br\/index.php\/wp-json\/wp\/v2\/media?parent=239"}],"curies":[{"name":"wp","href":"https:\/\/api.w.org\/{rel}","templated":true}]}}